{"id":24,"date":"2025-03-22T13:51:32","date_gmt":"2025-03-22T18:51:32","guid":{"rendered":"https:\/\/docel-ec.com\/wp\/?page_id=24"},"modified":"2025-03-22T13:51:32","modified_gmt":"2025-03-22T18:51:32","slug":"blog-docel-ec","status":"publish","type":"page","link":"https:\/\/docel-ec.com\/wp\/blog-docel-ec\/","title":{"rendered":"Blog Docel-Ec"},"content":{"rendered":"\n<div class=\"wp-block-query is-layout-flow wp-block-query-is-layout-flow\"><ul class=\"wp-block-post-template is-layout-flow wp-block-post-template-is-layout-flow\"><li class=\"wp-block-post post-9 post type-post status-publish format-standard has-post-thumbnail hentry category-blog category-informacion-de-impuestos tag-7 tag-impuesto-renta-ecuador tag-impuestos-ecuador\">\n\n<div class=\"wp-block-columns alignwide is-layout-flex wp-container-core-columns-is-layout-28f84493 wp-block-columns-is-layout-flex\">\n<div class=\"wp-block-column is-layout-flow wp-block-column-is-layout-flow\" style=\"flex-basis:66.66%\"><figure class=\"wp-block-post-featured-image\"><a href=\"https:\/\/docel-ec.com\/wp\/impuesto-a-la-renta-2024\/blog\/\" target=\"_self\"  ><img loading=\"lazy\" decoding=\"async\" width=\"1280\" height=\"720\" src=\"https:\/\/docel-ec.com\/wp\/wp-content\/uploads\/2025\/03\/impuestos-docel2.jpg\" class=\"attachment-post-thumbnail size-post-thumbnail wp-post-image\" alt=\"Impuesto a la Renta 2024\" style=\"object-fit:cover;\" srcset=\"https:\/\/docel-ec.com\/wp\/wp-content\/uploads\/2025\/03\/impuestos-docel2.jpg 1280w, https:\/\/docel-ec.com\/wp\/wp-content\/uploads\/2025\/03\/impuestos-docel2-300x169.jpg 300w, https:\/\/docel-ec.com\/wp\/wp-content\/uploads\/2025\/03\/impuestos-docel2-1024x576.jpg 1024w, https:\/\/docel-ec.com\/wp\/wp-content\/uploads\/2025\/03\/impuestos-docel2-768x432.jpg 768w\" sizes=\"auto, (max-width: 1280px) 100vw, 1280px\" \/><\/a><\/figure><\/div>\n\n\n\n<div class=\"wp-block-column is-layout-flow wp-block-column-is-layout-flow\" style=\"flex-basis:33.33%\"><h2 class=\"wp-block-post-title\"><a href=\"https:\/\/docel-ec.com\/wp\/impuesto-a-la-renta-2024\/blog\/\" target=\"_self\" >Impuesto a la Renta 2024<\/a><\/h2>\n\n<div class=\"wp-block-post-excerpt\"><p class=\"wp-block-post-excerpt__excerpt\">En Ecuador el Servicio de Rentas Internas(SRI) a establecido los meses de marzo y abril para declarar el impuesto a la renta del a\u00f1o 2024, aqu\u00ed te contamos como declarar seg\u00fan tu tipo de contribuyente RIMPE Negocios Populares Todas las personas naturales que en el a\u00f1o 2024 o parte del [&hellip;] <\/p><\/div><\/div>\n<\/div>\n\n<\/li><\/ul><\/div>\n\n\n\n<p><\/p>\n","protected":false},"excerpt":{"rendered":"","protected":false},"author":1,"featured_media":0,"parent":0,"menu_order":0,"comment_status":"closed","ping_status":"closed","template":"","meta":{"_themeisle_gutenberg_block_has_review":false,"footnotes":""},"class_list":["post-24","page","type-page","status-publish","hentry"],"_links":{"self":[{"href":"https:\/\/docel-ec.com\/wp\/wp-json\/wp\/v2\/pages\/24","targetHints":{"allow":["GET"]}}],"collection":[{"href":"https:\/\/docel-ec.com\/wp\/wp-json\/wp\/v2\/pages"}],"about":[{"href":"https:\/\/docel-ec.com\/wp\/wp-json\/wp\/v2\/types\/page"}],"author":[{"embeddable":true,"href":"https:\/\/docel-ec.com\/wp\/wp-json\/wp\/v2\/users\/1"}],"replies":[{"embeddable":true,"href":"https:\/\/docel-ec.com\/wp\/wp-json\/wp\/v2\/comments?post=24"}],"version-history":[{"count":1,"href":"https:\/\/docel-ec.com\/wp\/wp-json\/wp\/v2\/pages\/24\/revisions"}],"predecessor-version":[{"id":26,"href":"https:\/\/docel-ec.com\/wp\/wp-json\/wp\/v2\/pages\/24\/revisions\/26"}],"wp:attachment":[{"href":"https:\/\/docel-ec.com\/wp\/wp-json\/wp\/v2\/media?parent=24"}],"curies":[{"name":"wp","href":"https:\/\/api.w.org\/{rel}","templated":true}]}}